{"id":1184,"date":"2018-09-17T15:17:07","date_gmt":"2018-09-17T15:17:07","guid":{"rendered":"https:\/\/www.hotelhorizon-sutton.com\/politique-de-confidentialite\/"},"modified":"2018-12-18T17:35:45","modified_gmt":"2018-12-18T17:35:45","slug":"privacypolicy","status":"publish","type":"page","link":"https:\/\/www.hotelhorizon-sutton.com\/en\/privacypolicy\/","title":{"rendered":"Privacy Policy &#8211; Data Protection"},"content":{"rendered":"<div class=\"wpb-content-wrapper\"><p>[vc_row][vc_column]<div class=\"wrappedcontent\">[vc_column_text]<\/p>\n<h1><strong>Privacy Policy<\/strong><\/h1>\n<p><u>H\u00f4tel Horizon Inc<\/u> (\u201cwe\u201d or \u201cus\u201d) respects the importance of the privacy of your Personal Information, which means information that identifies you personally, either alone or in combination with other information available to us. This Privacy Policy discloses privacy practices for information we collect at our sites and on the website\u00a0<a href=\"http:\/\/www.hotelhorizon-sutton.com\">www.hotelhorizon-sutton.com<\/a> (the \u201cSite\u201d).<\/p>\n<ol>\n<li><strong> Collection of personal data <\/strong><\/li>\n<\/ol>\n<p>The personal data collected on the Site is the following:<\/p>\n<p><strong>Account creation:<\/strong>\u00a0when opening a new user account, the user\u2019s first name, last name and email address.<\/p>\n<p><strong>Logging in:<\/strong>\u00a0when the user logs in to the Site, it records in particular the user\u2019s first name, last name, login details, details of use and location.<\/p>\n<p><strong>Profile:<\/strong>\u00a0use of the services offered on the Site allows for the compiling of a profile which may include the user\u2019s email address and telephone number.<\/p>\n<p><strong>Payment:<\/strong>\u00a0as part of payment for the products and services offered on the Site, the Site saves financial data relating to the user\u2019s bank account or credit card.<\/p>\n<p><strong>Cookies:<\/strong>\u00a0cookies are used as part of the Site\u2019s use. The user has the option to disable cookies through their browser settings.<\/p>\n<ol start=\"2\">\n<li><strong> Use of personal data <\/strong><\/li>\n<\/ol>\n<p>The personal data collected from users is intended for the provision of services on the Site, the improvement of such services and the maintenance of a secure environment. In particular, the personal data is used as follows:<\/p>\n<p>\u2013 for the user\u2019s access and use of the Site;<\/p>\n<p>\u2013 for managing the operation and optimisation of the Site;<\/p>\n<p>\u2013 for the verification, identification and authentication of the data transmitted by the user;<\/p>\n<p>\u2013 for the provision of user support;<\/p>\n<p>\u2013 for the customisation of services by displaying advertisements based on the user\u2019s browsing history, and according to their preferences;<\/p>\n<p>\u2013 for the prevention and detection of fraud, malware (\u201cmalicious software\u201d) and the management of security incidents;<\/p>\n<p>\u2013 for the management of any potential disputes with users;<\/p>\n<p>\u2013 for the submission of sales and advertising information, based on the user\u2019s preferences.<\/p>\n<ol start=\"3\">\n<li><strong>Sharing of personal data with third parties<\/strong><\/li>\n<\/ol>\n<p>Personal data may be shared with third-party companies in the following cases:<\/p>\n<p>\u2013 when the user uses payment services for the implementation of these services, the Site establishes contact with third-party banking and financial institutions with whom it is contracted;<\/p>\n<p>\u2013 when the user publishes, in free comment areas of the Site, information accessible to the public;<\/p>\n<p>\u2013 when the user authorises a third-party website to access their personal data;<\/p>\n<p>\u2013 when the Site uses the services of service providers to provide user support, advertising and payment services. These service providers have access to the user\u2019s personal data, albeit limited, as part of the performance of these services, and they have a contractual obligation to use such data in accordance with the provisions of the applicable data protection regulations;<\/p>\n<p>\u2013 if required by law, the Site may transmit data in response to claims made against it, and it complies with the applicable administrative and legal procedures;<\/p>\n<p>\u2013 if the Site is involved in a merger, acquisition, asset transfer or bankruptcy proceedings, it may be required to hand over or share all or part of its assets, including personal data. In this event, users shall be informed thereof, before the personal data is transferred to a third party.<\/p>\n<ol start=\"4\">\n<li><strong> Transfer of personal data<\/strong><\/li>\n<\/ol>\n<p>Due to the structure of the company managing the Site, which establishes camp sites outside of the European Union, the user authorises the Site to transfer, store and process personal information in the United States and \/ or Canada regarding their stays at these camp sites. The laws in force in these countries may differ to the laws in force in the user\u2019s country of residence, within the European Union. By using the Site, the user agrees to transferring their personal data to the United States and Canada. In the United States, the Site remains responsible for the personal data shared with third parties as part of the Privacy Shield. The Site complies with the regulations of the Privacy Shield, a data protection shield between the European Union and the United States, as formulated by the US Department of Commerce concerning the collection, use, and storage of personal data transferred to the United States from the European Union. The Site has made a declaration to the US Department of Commerce that it upholds the principles of the Privacy Shield. In the event of a discrepancy between the clause and the principles of the Privacy Shield, the latter shall prevail.<\/p>\n<p>In the European union the Site also retains responsibility for personal data use in accordance with the General Data Protection Regulation (GDPR) and the European Privacy Act concerning data protection in the private sector.<\/p>\n<p>In Canada and in the province of Quebec, the Site also retains responsibility for personal data use in accordance with the federal Personal Information Protection and Electronic Documents Act (PIPEDA) and the Quebec Privacy Act concerning data protection in the private sector.<\/p>\n<ol start=\"5\">\n<li><strong> Security and confidentiality<\/strong><\/li>\n<\/ol>\n<p>The Site implements organisational, technical, software and physical security measures in the digital domain for the protection of personal data against any unauthorised access, modification and destruction. Nonetheless, it should be noted that the internet is not a completely secure environment and the Site cannot guarantee the security of the transmission or storage of information over the internet.<\/p>\n<ol start=\"6\">\n<li><strong> Exercising of user rights<\/strong><\/li>\n<\/ol>\n<p>In applying the regulations applicable to personal data, users have the following rights:<\/p>\n<p>\u2013 they may update or delete personal data by logging in to their account and configuring their account settings;<\/p>\n<p>\u2013 they may delete their account, by writing to the following address:<br \/>\nHOTEL HORIZON INC, 297 Ch. Maple, Sutton, QC. J0E 2K0 or email: donnees.personnelles@huttopia.com. It should be noted that information shared with other users, such as through forum posts, may remain visible to the public on the Site, even after the user\u2019s account has been deleted;<\/p>\n<p>\u2013 Users may exercise their right of access, to find out the personal data held on them, by writing to the following address: HOTEL HORIZON INC, 297 Ch. Maple, Sutton, QC. J0E 2K0 or email: donnees.personnelles@huttopia.com. In this case, prior to exercising this right, the Site may ask the user to provide proof of their identity to verify its accuracy;<\/p>\n<p>\u2013 if the personal data held by the Site is inaccurate, they may request that the information be updated, by writing to the following address: HOTEL HORIZON INC, 297 Ch. Maple, Sutton, QC. J0E 2K0 or email: donnees.personnelles@huttopia.com ;<\/p>\n<p>\u2013 In accordance with data protection laws, users may ask for personal data to be deleted, by writing to the following address: HOTEL HORIZON INC, 297 Ch. Maple, Sutton, QC. J0E 2K0 or email: donnees.personnelles@huttopia.com.<\/p>\n<ol start=\"7\">\n<li><strong> Modifications to this clause<\/strong><\/li>\n<\/ol>\n<p>The Site reserves the right to make any modifications to this clause relating to the protection of personal data, at any time. Following any modifications made to this data protection clause, the Site undertakes to publish the new version thereof on its website. The Site shall also inform users about the modification via email, at least 15 days prior to such modifications taking effect. Should users not agree with the terms and conditions of the redrafted personal data protection clause, they have the option to delete their account.[\/vc_column_text]<\/div>[\/vc_column][\/vc_row]<\/p>\n<\/div>","protected":false},"excerpt":{"rendered":"<p>[vc_row][vc_column][\/vc_column][\/vc_row]<\/p>\n","protected":false},"author":1,"featured_media":0,"parent":0,"menu_order":0,"comment_status":"closed","ping_status":"closed","template":"","meta":{"footnotes":""},"class_list":["post-1184","page","type-page","status-publish","hentry"],"yoast_head":"<!-- This site is optimized with the Yoast SEO plugin v25.6 - https:\/\/yoast.com\/wordpress\/plugins\/seo\/ -->\n<title>Politique de confidentialit\u00e9 - Hotel Horizon<\/title>\n<meta name=\"description\" content=\"Charte de confidentialit\u00e9 pour la protection des donn\u00e9es sur le site Hotel Horizon.\" \/>\n<meta name=\"robots\" content=\"index, follow, max-snippet:-1, max-image-preview:large, max-video-preview:-1\" \/>\n<link rel=\"canonical\" href=\"https:\/\/www.hotelhorizon-sutton.com\/en\/privacypolicy\/\" \/>\n<meta property=\"og:locale\" content=\"en_US\" \/>\n<meta property=\"og:type\" content=\"article\" \/>\n<meta property=\"og:title\" content=\"Politique de confidentialit\u00e9 - Hotel Horizon\" \/>\n<meta property=\"og:description\" content=\"Charte de confidentialit\u00e9 pour la protection des donn\u00e9es sur le site Hotel Horizon.\" \/>\n<meta property=\"og:url\" content=\"https:\/\/www.hotelhorizon-sutton.com\/en\/privacypolicy\/\" \/>\n<meta property=\"og:site_name\" content=\"H\u00f4tel Horizon\" \/>\n<meta property=\"article:modified_time\" content=\"2018-12-18T17:35:45+00:00\" \/>\n<meta name=\"twitter:card\" content=\"summary_large_image\" \/>\n<meta name=\"twitter:label1\" content=\"Est. reading time\" \/>\n\t<meta name=\"twitter:data1\" content=\"6 minutes\" \/>\n<script type=\"application\/ld+json\" class=\"yoast-schema-graph\">{\"@context\":\"https:\/\/schema.org\",\"@graph\":[{\"@type\":\"WebPage\",\"@id\":\"https:\/\/www.hotelhorizon-sutton.com\/en\/privacypolicy\/\",\"url\":\"https:\/\/www.hotelhorizon-sutton.com\/en\/privacypolicy\/\",\"name\":\"Politique de confidentialit\u00e9 - Hotel Horizon\",\"isPartOf\":{\"@id\":\"https:\/\/www.hotelhorizon-sutton.com\/en\/#website\"},\"datePublished\":\"2018-09-17T15:17:07+00:00\",\"dateModified\":\"2018-12-18T17:35:45+00:00\",\"description\":\"Charte de confidentialit\u00e9 pour la protection des donn\u00e9es sur le site Hotel Horizon.\",\"breadcrumb\":{\"@id\":\"https:\/\/www.hotelhorizon-sutton.com\/en\/privacypolicy\/#breadcrumb\"},\"inLanguage\":\"en-US\",\"potentialAction\":[{\"@type\":\"ReadAction\",\"target\":[\"https:\/\/www.hotelhorizon-sutton.com\/en\/privacypolicy\/\"]}]},{\"@type\":\"BreadcrumbList\",\"@id\":\"https:\/\/www.hotelhorizon-sutton.com\/en\/privacypolicy\/#breadcrumb\",\"itemListElement\":[{\"@type\":\"ListItem\",\"position\":1,\"name\":\"Home\",\"item\":\"https:\/\/www.hotelhorizon-sutton.com\/en\/\"},{\"@type\":\"ListItem\",\"position\":2,\"name\":\"Privacy Policy &#8211; Data Protection\"}]},{\"@type\":\"WebSite\",\"@id\":\"https:\/\/www.hotelhorizon-sutton.com\/en\/#website\",\"url\":\"https:\/\/www.hotelhorizon-sutton.com\/en\/\",\"name\":\"H\u00f4tel Horizon\",\"description\":\"\",\"potentialAction\":[{\"@type\":\"SearchAction\",\"target\":{\"@type\":\"EntryPoint\",\"urlTemplate\":\"https:\/\/www.hotelhorizon-sutton.com\/en\/?s={search_term_string}\"},\"query-input\":{\"@type\":\"PropertyValueSpecification\",\"valueRequired\":true,\"valueName\":\"search_term_string\"}}],\"inLanguage\":\"en-US\"}]}<\/script>\n<!-- \/ Yoast SEO plugin. -->","yoast_head_json":{"title":"Politique de confidentialit\u00e9 - Hotel Horizon","description":"Charte de confidentialit\u00e9 pour la protection des donn\u00e9es sur le site Hotel Horizon.","robots":{"index":"index","follow":"follow","max-snippet":"max-snippet:-1","max-image-preview":"max-image-preview:large","max-video-preview":"max-video-preview:-1"},"canonical":"https:\/\/www.hotelhorizon-sutton.com\/en\/privacypolicy\/","og_locale":"en_US","og_type":"article","og_title":"Politique de confidentialit\u00e9 - Hotel Horizon","og_description":"Charte de confidentialit\u00e9 pour la protection des donn\u00e9es sur le site Hotel Horizon.","og_url":"https:\/\/www.hotelhorizon-sutton.com\/en\/privacypolicy\/","og_site_name":"H\u00f4tel Horizon","article_modified_time":"2018-12-18T17:35:45+00:00","twitter_card":"summary_large_image","twitter_misc":{"Est. reading time":"6 minutes"},"schema":{"@context":"https:\/\/schema.org","@graph":[{"@type":"WebPage","@id":"https:\/\/www.hotelhorizon-sutton.com\/en\/privacypolicy\/","url":"https:\/\/www.hotelhorizon-sutton.com\/en\/privacypolicy\/","name":"Politique de confidentialit\u00e9 - Hotel Horizon","isPartOf":{"@id":"https:\/\/www.hotelhorizon-sutton.com\/en\/#website"},"datePublished":"2018-09-17T15:17:07+00:00","dateModified":"2018-12-18T17:35:45+00:00","description":"Charte de confidentialit\u00e9 pour la protection des donn\u00e9es sur le site Hotel Horizon.","breadcrumb":{"@id":"https:\/\/www.hotelhorizon-sutton.com\/en\/privacypolicy\/#breadcrumb"},"inLanguage":"en-US","potentialAction":[{"@type":"ReadAction","target":["https:\/\/www.hotelhorizon-sutton.com\/en\/privacypolicy\/"]}]},{"@type":"BreadcrumbList","@id":"https:\/\/www.hotelhorizon-sutton.com\/en\/privacypolicy\/#breadcrumb","itemListElement":[{"@type":"ListItem","position":1,"name":"Home","item":"https:\/\/www.hotelhorizon-sutton.com\/en\/"},{"@type":"ListItem","position":2,"name":"Privacy Policy &#8211; Data Protection"}]},{"@type":"WebSite","@id":"https:\/\/www.hotelhorizon-sutton.com\/en\/#website","url":"https:\/\/www.hotelhorizon-sutton.com\/en\/","name":"H\u00f4tel Horizon","description":"","potentialAction":[{"@type":"SearchAction","target":{"@type":"EntryPoint","urlTemplate":"https:\/\/www.hotelhorizon-sutton.com\/en\/?s={search_term_string}"},"query-input":{"@type":"PropertyValueSpecification","valueRequired":true,"valueName":"search_term_string"}}],"inLanguage":"en-US"}]}},"_links":{"self":[{"href":"https:\/\/www.hotelhorizon-sutton.com\/en\/wp-json\/wp\/v2\/pages\/1184","targetHints":{"allow":["GET"]}}],"collection":[{"href":"https:\/\/www.hotelhorizon-sutton.com\/en\/wp-json\/wp\/v2\/pages"}],"about":[{"href":"https:\/\/www.hotelhorizon-sutton.com\/en\/wp-json\/wp\/v2\/types\/page"}],"author":[{"embeddable":true,"href":"https:\/\/www.hotelhorizon-sutton.com\/en\/wp-json\/wp\/v2\/users\/1"}],"replies":[{"embeddable":true,"href":"https:\/\/www.hotelhorizon-sutton.com\/en\/wp-json\/wp\/v2\/comments?post=1184"}],"version-history":[{"count":3,"href":"https:\/\/www.hotelhorizon-sutton.com\/en\/wp-json\/wp\/v2\/pages\/1184\/revisions"}],"predecessor-version":[{"id":1187,"href":"https:\/\/www.hotelhorizon-sutton.com\/en\/wp-json\/wp\/v2\/pages\/1184\/revisions\/1187"}],"wp:attachment":[{"href":"https:\/\/www.hotelhorizon-sutton.com\/en\/wp-json\/wp\/v2\/media?parent=1184"}],"curies":[{"name":"wp","href":"https:\/\/api.w.org\/{rel}","templated":true}]}}