{"id":1214,"date":"2018-09-17T14:07:18","date_gmt":"2018-09-17T14:07:18","guid":{"rendered":"https:\/\/www.hotelhorizon-sutton.com\/faq\/"},"modified":"2025-10-21T08:38:06","modified_gmt":"2025-10-21T08:38:06","slug":"faq","status":"publish","type":"page","link":"https:\/\/www.hotelhorizon-sutton.com\/en\/faq\/","title":{"rendered":"FAQ"},"content":{"rendered":"<div class=\"wpb-content-wrapper\"><p>[vc_row css=&#8221;.vc_custom_1542705225598{background-color: #928273 !important;}&#8221;][vc_column]<div class=\"wrappedcontent\">[vc_column_text css=&#8221;.vc_custom_1545233923921{padding-top: 15px !important;}&#8221;]<\/p>\n<h1 style=\"text-align: center;\"><span style=\"color: #ffffff;\">DO YOU HAVE QUESTIONS ? WE ARE HERE TO ANSWER THEM !<\/span><\/h1>\n<p>[\/vc_column_text]<\/div>[\/vc_column][\/vc_row][vc_row][vc_column]<div class=\"wrappedcontent\">[vc_column_text]<\/p>\n<p style=\"text-align: center;\">To save you time and provide responses 24\/7, here&#8217;s our list of frequently asked questions, along with the answers.<\/p>\n<p style=\"text-align: center;\">Don&#8217;t see the answer to your question? Feel free to <a href=\"mailto:reservations@hotelhorizon-sutton.com\">contact us<\/a>. We&#8217;ll happily answer you as best we can.<\/p>\n<p>[\/vc_column_text][vc_empty_space][vc_row_inner][vc_column_inner width=&#8221;1\/6&#8243;][\/vc_column_inner][vc_column_inner width=&#8221;2\/3&#8243;][vc_column_text css=&#8221;.vc_custom_1759391950130{padding-top: 15px !important;padding-right: 15px !important;padding-bottom: 15px !important;padding-left: 15px !important;background-color: #928273 !important;}&#8221;]<\/p>\n<p style=\"text-align: center;\"><span style=\"font-size: 12pt; color: #ffffff;\"><strong>Have you already completed your stay, but you want to submit a complaint to us?<\/strong><\/span><\/p>\n<p style=\"text-align: center;\"><span style=\"font-size: 12pt; color: #ffffff;\">To facilitate our handling of it, please use the special contact form <span style=\"text-decoration: underline;\"><a style=\"color: #ffffff; text-decoration: underline;\" href=\"https:\/\/huttopia.wizville.fr\/survey\/campaign\/3247?placeid=103&amp;language=en\" target=\"_blank\" rel=\"noopener noreferrer\">by clicking here<\/a><\/span>.<\/span><\/p>\n<p>[\/vc_column_text][\/vc_column_inner][vc_column_inner width=&#8221;1\/6&#8243;][\/vc_column_inner][\/vc_row_inner][vc_empty_space][vc_masonry_media_grid element_width=&#8221;3&#8243; gap=&#8221;10&#8243; item=&#8221;31&#8243; grid_id=&#8221;vc_gid:1759391921402-e3546902-3c22-1&#8243; include=&#8221;581,577,583,585&#8243;][vc_empty_space][vc_tta_accordion shape=&#8221;square&#8221; active_section=&#8221;&#8221; collapsible_all=&#8221;true&#8221;][vc_tta_section i_icon_fontawesome=&#8221;fa fa-bed&#8221; add_icon=&#8221;true&#8221; title=&#8221;The Hotel&#8221; tab_id=&#8221;1541579489300-22f3c7f2-4336&#8243;][vc_column_text]<\/p>\n<h5>\u2192 Hotel description<\/h5>\n<p>H\u00f4tel Horizon is a 24-room mountain hotel, open year-round, located 2 km from the Mont Sutton Ski Resort<\/p>\n<p>&nbsp;<\/p>\n<h5>\u2192\u00a0What types of rooms does this hotel offer?<\/h5>\n<p>The hotel has 17 rooms for families &#8211; 4 people per room. Each one has a large queen bed with a duvet, two single bunk beds, a bathroom with a shower, an LCD TV, a clock radio and a hair dryer.<br \/>\nSix king rooms for 2 people, bathroom with bathtub, LCD TV, clock radio and a hair dryer.<br \/>\nThe hotel also has wood chalets that can sleep 6. First floor layout: kitchen area; living room with sofa, armchair and woodburning stove; main bedroom with a queen bed; and bathroom with sink, shower and toilet. Upper floor: a loft with a sofa bed for 2 and a room with a pair of twin beds. Outside, you&#8217;ll find a covered deck with a picnic table &#8211; both made of wood &#8211; two chairs and a barbecue.<\/p>\n<p>&nbsp;<\/p>\n<h5>\u2192 At what time can I get to the hotel?<\/h5>\n<p>Rooms are ready from 4 p.m. onwards, but you can arrive earlier and enjoy the facilities.<\/p>\n<p>&nbsp;<\/p>\n<h5>\u2192 What time is check-out?<\/h5>\n<p>We would ask you to vacate your room by 11 a.m.<\/p>\n<p>&nbsp;<\/p>\n<h5>\u2192 Are dogs allowed in the hotel?<\/h5>\n<p>No animals are allowed at the hotel. They are however allowed in the chalets<\/p>\n<p>&nbsp;<\/p>\n<h5>\u2192 Can I have a late checkout &#8211; i.e., after 11 a.m.?<\/h5>\n<p>If the room is not booked for that day, you can check out at 12 noon\/1 p.m.<\/p>\n<p>&nbsp;<\/p>\n<h5>\u2192 What is the cancellation policy?<\/h5>\n<p>Please refer to our <a href=\"https:\/\/media.huttopia.com\/cgv-hotel-horizon-en.pdf\">terms of sales<\/a>.<\/p>\n<p>&nbsp;<\/p>\n<h5>\u2192 Does the hotel have Internet connectivity?<\/h5>\n<p>Yes. Internet access is available throughout the hotel by logging onto the \u2018\u2019Horizon visiteur\u2019\u2019 network using the code &#8220;bienvenue&#8221;. Please note that you won&#8217;t be able to access the wi-fi network from the chalets[\/vc_column_text][\/vc_tta_section][vc_tta_section i_icon_fontawesome=&#8221;fa fa-cutlery&#8221; add_icon=&#8221;true&#8221; title=&#8221;Restaurant facilities&#8221; tab_id=&#8221;1541579489413-410815c6-8209&#8243;][vc_column_text]<\/p>\n<h5>\u2192 Is breakfast included in the hotel room rate?<\/h5>\n<p>Yes, the hotel room rate includes breakfast.<\/p>\n<p>&nbsp;<\/p>\n<h5>\u2192\u00a0What type of breakfast do you serve?<\/h5>\n<p>The breakfast served is a continental buffet composed of hot drinks, juice, breads, viennoiseries, yogourts,&#8230;<\/p>\n<h5>\u2192 Can we have breakfast at the hotel if we sleep in a chalet?<\/h5>\n<p>Yes it s $12 per person.<\/p>\n<h5>\u2192 What time is breakfast served?<\/h5>\n<p>Breakfast is served from 7.30am to 10pm.<\/p>\n<p>&nbsp;<\/p>\n<h5>\u2192 Is there an eatery onsite?<\/h5>\n<p>Yes, the hotel has a <a href=\"https:\/\/www.hotelhorizon-sutton.com\/en\/bistro\">bistro<\/a> that is open during the winter and the summer season from thursday to saturday. (Closed in november 2022)<\/p>\n<p>&nbsp;<\/p>\n<h5>\u2192 What type of food is served in the bistro?<\/h5>\n<p>A variety of dishes for families or friends to share.<\/p>\n<p>&nbsp;<\/p>\n<h5>\u2192 What are the restaurant&#8217;s hours of service?<\/h5>\n<p>The restaurant is open from 5 p.m. to 9 p.m from thursday to saturday.[\/vc_column_text][\/vc_tta_section][vc_tta_section title=&#8221;Services&#8221; tab_id=&#8221;1545234415320-f6776cd6-f103&#8243;][vc_column_text]<\/p>\n<h5>\u2192 What amenities does the hotel offer?<\/h5>\n<p>The hotel has an indoor pool and a hot tub, a fitness room, a ski room and a family lounge with sofa, games and books.<\/p>\n<p>&nbsp;<\/p>\n<h5>\u2192 When is the pool open?<\/h5>\n<p>Pool hours are from 9 a.m. to 9 p.m. &#8211; you&#8217;ll need your room key to access it.<\/p>\n<p>&nbsp;<\/p>\n<h5>\u2192 Is the pool heated?<\/h5>\n<p>Yes, the pool is heated to 28\u00b0C (82\u00b0F).<\/p>\n<p>&nbsp;<\/p>\n<h5>\u2192 Is a swimming cap required?<\/h5>\n<p>No, swimming caps are not required.<\/p>\n<p>&nbsp;<\/p>\n<h5>\u2192 Is access to the hotel facilities (indoor pool, fitness room) restricted to clients?<\/h5>\n<p>Yes, only guests are allowed access to hotel services.[\/vc_column_text][\/vc_tta_section][vc_tta_section i_type=&#8221;typicons&#8221; i_icon_typicons=&#8221;typcn typcn-weather-snow&#8221; add_icon=&#8221;true&#8221; title=&#8221;Things to do in the surrounding region&#8221; tab_id=&#8221;1541579573279-a0079fd4-5e56&#8243;][vc_column_text]<\/p>\n<h5>\u2192 Where can I rent equipment for skiing, snowshoeing, etc.?<\/h5>\n<p>Cin\u00e9tik, in the village of Sutton, has ski equipment available for rent. You can also visit the Plein Air Sutton and Mount Sutton ski shops<\/p>\n<p>&nbsp;<\/p>\n<h5>\u2192 Are there any winter activities in the region?<\/h5>\n<p>The hotel is a starting point for cross-country skiing, fat bike and snowshoeing trails, and orienteering is also available here, at no charge. Balnea Spa is located some 25 minutes from the hotel. If you&#8217;re looking for other ski trails, you&#8217;ll find them at Bromont and Jay Peak.<\/p>\n<p>&nbsp;<\/p>\n<h5>\u2192 Does the hotel offer special rates for skiing?<\/h5>\n<p>As all tickets must now be purchased on the Mount Sutton website, we no longer have tickets on sale at the reception desk. (They now control the maximum capacity via their site).[\/vc_column_text][\/vc_tta_section][\/vc_tta_accordion]<\/div>[\/vc_column][\/vc_row]<\/p>\n<\/div>","protected":false},"excerpt":{"rendered":"<p>[vc_row css=&#8221;.vc_custom_1542705225598{background-color: #928273 !important;}&#8221;][vc_column][\/vc_column][\/vc_row][vc_row][vc_column][\/vc_column][\/vc_row]<\/p>\n","protected":false},"author":1,"featured_media":0,"parent":0,"menu_order":0,"comment_status":"closed","ping_status":"closed","template":"","meta":{"footnotes":""},"class_list":["post-1214","page","type-page","status-publish","hentry"],"yoast_head":"<!-- This site is optimized with the Yoast SEO plugin v25.6 - https:\/\/yoast.com\/wordpress\/plugins\/seo\/ -->\n<title>La Foire Aux Questions | FAQ | Retrouvez la r\u00e9ponse \u00e0 votre question<\/title>\n<meta name=\"description\" content=\"Des questions sur l&#039;H\u00f4tel, la restauration ou encore les activit\u00e9s \u00e0 faire aux alentours ? Explorez cette Foire Aux Questions.\" \/>\n<meta name=\"robots\" content=\"index, follow, max-snippet:-1, max-image-preview:large, max-video-preview:-1\" \/>\n<link rel=\"canonical\" href=\"https:\/\/www.hotelhorizon-sutton.com\/en\/faq\/\" \/>\n<meta property=\"og:locale\" content=\"en_US\" \/>\n<meta property=\"og:type\" content=\"article\" \/>\n<meta property=\"og:title\" content=\"La Foire Aux Questions | FAQ | Retrouvez la r\u00e9ponse \u00e0 votre question\" \/>\n<meta property=\"og:description\" content=\"Des questions sur l&#039;H\u00f4tel, la restauration ou encore les activit\u00e9s \u00e0 faire aux alentours ? Explorez cette Foire Aux Questions.\" \/>\n<meta property=\"og:url\" content=\"https:\/\/www.hotelhorizon-sutton.com\/en\/faq\/\" \/>\n<meta property=\"og:site_name\" content=\"H\u00f4tel Horizon\" \/>\n<meta property=\"article:modified_time\" content=\"2025-10-21T08:38:06+00:00\" \/>\n<meta name=\"twitter:card\" content=\"summary_large_image\" \/>\n<meta name=\"twitter:label1\" content=\"Est. reading time\" \/>\n\t<meta name=\"twitter:data1\" content=\"6 minutes\" \/>\n<script type=\"application\/ld+json\" class=\"yoast-schema-graph\">{\"@context\":\"https:\/\/schema.org\",\"@graph\":[{\"@type\":\"WebPage\",\"@id\":\"https:\/\/www.hotelhorizon-sutton.com\/en\/faq\/\",\"url\":\"https:\/\/www.hotelhorizon-sutton.com\/en\/faq\/\",\"name\":\"La Foire Aux Questions | FAQ | Retrouvez la r\u00e9ponse \u00e0 votre question\",\"isPartOf\":{\"@id\":\"https:\/\/www.hotelhorizon-sutton.com\/en\/#website\"},\"datePublished\":\"2018-09-17T14:07:18+00:00\",\"dateModified\":\"2025-10-21T08:38:06+00:00\",\"description\":\"Des questions sur l'H\u00f4tel, la restauration ou encore les activit\u00e9s \u00e0 faire aux alentours ? Explorez cette Foire Aux Questions.\",\"breadcrumb\":{\"@id\":\"https:\/\/www.hotelhorizon-sutton.com\/en\/faq\/#breadcrumb\"},\"inLanguage\":\"en-US\",\"potentialAction\":[{\"@type\":\"ReadAction\",\"target\":[\"https:\/\/www.hotelhorizon-sutton.com\/en\/faq\/\"]}]},{\"@type\":\"BreadcrumbList\",\"@id\":\"https:\/\/www.hotelhorizon-sutton.com\/en\/faq\/#breadcrumb\",\"itemListElement\":[{\"@type\":\"ListItem\",\"position\":1,\"name\":\"Home\",\"item\":\"https:\/\/www.hotelhorizon-sutton.com\/en\/\"},{\"@type\":\"ListItem\",\"position\":2,\"name\":\"FAQ\"}]},{\"@type\":\"WebSite\",\"@id\":\"https:\/\/www.hotelhorizon-sutton.com\/en\/#website\",\"url\":\"https:\/\/www.hotelhorizon-sutton.com\/en\/\",\"name\":\"H\u00f4tel Horizon\",\"description\":\"\",\"potentialAction\":[{\"@type\":\"SearchAction\",\"target\":{\"@type\":\"EntryPoint\",\"urlTemplate\":\"https:\/\/www.hotelhorizon-sutton.com\/en\/?s={search_term_string}\"},\"query-input\":{\"@type\":\"PropertyValueSpecification\",\"valueRequired\":true,\"valueName\":\"search_term_string\"}}],\"inLanguage\":\"en-US\"}]}<\/script>\n<!-- \/ Yoast SEO plugin. -->","yoast_head_json":{"title":"La Foire Aux Questions | FAQ | Retrouvez la r\u00e9ponse \u00e0 votre question","description":"Des questions sur l'H\u00f4tel, la restauration ou encore les activit\u00e9s \u00e0 faire aux alentours ? Explorez cette Foire Aux Questions.","robots":{"index":"index","follow":"follow","max-snippet":"max-snippet:-1","max-image-preview":"max-image-preview:large","max-video-preview":"max-video-preview:-1"},"canonical":"https:\/\/www.hotelhorizon-sutton.com\/en\/faq\/","og_locale":"en_US","og_type":"article","og_title":"La Foire Aux Questions | FAQ | Retrouvez la r\u00e9ponse \u00e0 votre question","og_description":"Des questions sur l'H\u00f4tel, la restauration ou encore les activit\u00e9s \u00e0 faire aux alentours ? Explorez cette Foire Aux Questions.","og_url":"https:\/\/www.hotelhorizon-sutton.com\/en\/faq\/","og_site_name":"H\u00f4tel Horizon","article_modified_time":"2025-10-21T08:38:06+00:00","twitter_card":"summary_large_image","twitter_misc":{"Est. reading time":"6 minutes"},"schema":{"@context":"https:\/\/schema.org","@graph":[{"@type":"WebPage","@id":"https:\/\/www.hotelhorizon-sutton.com\/en\/faq\/","url":"https:\/\/www.hotelhorizon-sutton.com\/en\/faq\/","name":"La Foire Aux Questions | FAQ | Retrouvez la r\u00e9ponse \u00e0 votre question","isPartOf":{"@id":"https:\/\/www.hotelhorizon-sutton.com\/en\/#website"},"datePublished":"2018-09-17T14:07:18+00:00","dateModified":"2025-10-21T08:38:06+00:00","description":"Des questions sur l'H\u00f4tel, la restauration ou encore les activit\u00e9s \u00e0 faire aux alentours ? Explorez cette Foire Aux Questions.","breadcrumb":{"@id":"https:\/\/www.hotelhorizon-sutton.com\/en\/faq\/#breadcrumb"},"inLanguage":"en-US","potentialAction":[{"@type":"ReadAction","target":["https:\/\/www.hotelhorizon-sutton.com\/en\/faq\/"]}]},{"@type":"BreadcrumbList","@id":"https:\/\/www.hotelhorizon-sutton.com\/en\/faq\/#breadcrumb","itemListElement":[{"@type":"ListItem","position":1,"name":"Home","item":"https:\/\/www.hotelhorizon-sutton.com\/en\/"},{"@type":"ListItem","position":2,"name":"FAQ"}]},{"@type":"WebSite","@id":"https:\/\/www.hotelhorizon-sutton.com\/en\/#website","url":"https:\/\/www.hotelhorizon-sutton.com\/en\/","name":"H\u00f4tel Horizon","description":"","potentialAction":[{"@type":"SearchAction","target":{"@type":"EntryPoint","urlTemplate":"https:\/\/www.hotelhorizon-sutton.com\/en\/?s={search_term_string}"},"query-input":{"@type":"PropertyValueSpecification","valueRequired":true,"valueName":"search_term_string"}}],"inLanguage":"en-US"}]}},"_links":{"self":[{"href":"https:\/\/www.hotelhorizon-sutton.com\/en\/wp-json\/wp\/v2\/pages\/1214","targetHints":{"allow":["GET"]}}],"collection":[{"href":"https:\/\/www.hotelhorizon-sutton.com\/en\/wp-json\/wp\/v2\/pages"}],"about":[{"href":"https:\/\/www.hotelhorizon-sutton.com\/en\/wp-json\/wp\/v2\/types\/page"}],"author":[{"embeddable":true,"href":"https:\/\/www.hotelhorizon-sutton.com\/en\/wp-json\/wp\/v2\/users\/1"}],"replies":[{"embeddable":true,"href":"https:\/\/www.hotelhorizon-sutton.com\/en\/wp-json\/wp\/v2\/comments?post=1214"}],"version-history":[{"count":5,"href":"https:\/\/www.hotelhorizon-sutton.com\/en\/wp-json\/wp\/v2\/pages\/1214\/revisions"}],"predecessor-version":[{"id":3362,"href":"https:\/\/www.hotelhorizon-sutton.com\/en\/wp-json\/wp\/v2\/pages\/1214\/revisions\/3362"}],"wp:attachment":[{"href":"https:\/\/www.hotelhorizon-sutton.com\/en\/wp-json\/wp\/v2\/media?parent=1214"}],"curies":[{"name":"wp","href":"https:\/\/api.w.org\/{rel}","templated":true}]}}