{"id":990,"date":"2018-11-08T14:36:22","date_gmt":"2018-11-08T14:36:22","guid":{"rendered":"http:\/\/www.citykamp.com\/hotelhorizon\/galerie-photos-hebergements\/"},"modified":"2023-02-03T19:01:46","modified_gmt":"2023-02-03T19:01:46","slug":"accommodations-gallery","status":"publish","type":"page","link":"https:\/\/www.hotelhorizon-sutton.com\/en\/accommodations-gallery\/","title":{"rendered":"Accommodations gallery"},"content":{"rendered":"<div class=\"wpb-content-wrapper\"><p>[vc_row css=&#8221;.vc_custom_1542706748914{background-color: #928273 !important;}&#8221;][vc_column]<div class=\"wrappedcontent\">[vc_column_text css=&#8221;.vc_custom_1545044806273{padding-top: 30px !important;}&#8221;]<\/p>\n<h1 style=\"text-align: center;\"><span style=\"color: #ffffff;\">PHOTOS OF OUR ACCOMMODATIONS<\/span><\/h1>\n<p>[\/vc_column_text]<\/div>[\/vc_column][\/vc_row][vc_row gap=&#8221;25&#8243; equal_height=&#8221;yes&#8221; css=&#8221;.vc_custom_1541688361008{margin-left: -0.5px !important;}&#8221;][vc_column width=&#8221;1\/4&#8243;][vc_masonry_media_grid element_width=&#8221;12&#8243; gap=&#8221;0&#8243; item=&#8221;993&#8243; grid_id=&#8221;vc_gid:1675445676752-7f77111de06429f976e42ab244effad0-1&#8243; include=&#8221;345&#8243;][\/vc_column][vc_column width=&#8221;3\/4&#8243;][vc_masonry_media_grid style=&#8221;load-more&#8221; items_per_page=&#8221;4&#8243; element_width=&#8221;3&#8243; gap=&#8221;10&#8243; item=&#8221;29&#8243; btn_title=&#8221;LOAD MORE&#8221; btn_shape=&#8221;square&#8221; btn_color=&#8221;grey&#8221; btn_align=&#8221;center&#8221; btn_i_icon_fontawesome=&#8221;fa fa-camera&#8221; btn_add_icon=&#8221;true&#8221; grid_id=&#8221;vc_gid:1675445676775-3fccb1c447d7413950d09b3654bc5dcb-3&#8243; include=&#8221;683,687,691,703&#8243;][\/vc_column][\/vc_row][vc_row gap=&#8221;25&#8243; equal_height=&#8221;yes&#8221; css=&#8221;.vc_custom_1541688605188{margin-left: -0.5px !important;background-color: #e8e8e8 !important;}&#8221;][vc_column width=&#8221;1\/4&#8243;][vc_masonry_media_grid element_width=&#8221;12&#8243; gap=&#8221;0&#8243; item=&#8221;992&#8243; grid_id=&#8221;vc_gid:1675445676814-0d3b93f1e859ea95b5ed3bc7a17387f5-2&#8243; include=&#8221;2697&#8243;][\/vc_column][vc_column width=&#8221;3\/4&#8243;][vc_masonry_media_grid style=&#8221;load-more&#8221; items_per_page=&#8221;4&#8243; element_width=&#8221;3&#8243; gap=&#8221;10&#8243; item=&#8221;29&#8243; btn_title=&#8221;LOAD MORE&#8221; btn_shape=&#8221;square&#8221; btn_color=&#8221;white&#8221; btn_align=&#8221;center&#8221; btn_i_icon_fontawesome=&#8221;fa fa-camera&#8221; btn_add_icon=&#8221;true&#8221; grid_id=&#8221;vc_gid:1675445676848-b7f7978d98b1833862091643688e2ed4-3&#8243; include=&#8221;2701,2699,2713,2709,2719,2717,2715,2721,2707,2705,2703&#8243;][\/vc_column][\/vc_row][vc_row gap=&#8221;25&#8243; equal_height=&#8221;yes&#8221; css=&#8221;.vc_custom_1541688361008{margin-left: -0.5px !important;}&#8221;][vc_column width=&#8221;1\/4&#8243;][vc_masonry_media_grid element_width=&#8221;12&#8243; gap=&#8221;0&#8243; item=&#8221;994&#8243; grid_id=&#8221;vc_gid:1675445676896-f0dd3cd23e41b024f08c68586bc08a75-7&#8243; include=&#8221;347&#8243;][\/vc_column][vc_column width=&#8221;3\/4&#8243;][vc_masonry_media_grid style=&#8221;load-more&#8221; items_per_page=&#8221;4&#8243; element_width=&#8221;3&#8243; gap=&#8221;10&#8243; item=&#8221;29&#8243; btn_title=&#8221;LOAD MORE&#8221; btn_shape=&#8221;square&#8221; btn_color=&#8221;grey&#8221; btn_align=&#8221;center&#8221; btn_i_icon_fontawesome=&#8221;fa fa-camera&#8221; btn_add_icon=&#8221;true&#8221; grid_id=&#8221;vc_gid:1675445676927-b36f713e427241886344ea65ffa31f32-6&#8243; include=&#8221;706,708,710,714&#8243;][\/vc_column][\/vc_row][vc_row gap=&#8221;25&#8243; equal_height=&#8221;yes&#8221; css=&#8221;.vc_custom_1541688605188{margin-left: -0.5px !important;background-color: #e8e8e8 !important;}&#8221;][vc_column width=&#8221;1\/4&#8243;][vc_masonry_media_grid element_width=&#8221;12&#8243; gap=&#8221;0&#8243; item=&#8221;995&#8243; grid_id=&#8221;vc_gid:1675445676983-f00c7147b44bf21cc4f33db214b3596f-7&#8243; include=&#8221;349&#8243;][\/vc_column][vc_column width=&#8221;3\/4&#8243;][vc_masonry_media_grid style=&#8221;load-more&#8221; items_per_page=&#8221;4&#8243; element_width=&#8221;3&#8243; gap=&#8221;10&#8243; item=&#8221;29&#8243; btn_title=&#8221;LOAD MORE&#8221; btn_shape=&#8221;square&#8221; btn_color=&#8221;white&#8221; btn_align=&#8221;center&#8221; btn_i_icon_fontawesome=&#8221;fa fa-camera&#8221; btn_add_icon=&#8221;true&#8221; grid_id=&#8221;vc_gid:1675445677019-20e5eb1be094d2f288dfef32496c99d5-9&#8243; include=&#8221;712,716,718,720,724,2733,2723&#8243;][\/vc_column][\/vc_row]<\/p>\n<\/div>","protected":false},"excerpt":{"rendered":"<p>[vc_row css=&#8221;.vc_custom_1542706748914{background-color: #928273 !important;}&#8221;][vc_column][\/vc_column][\/vc_row][vc_row gap=&#8221;25&#8243; equal_height=&#8221;yes&#8221; css=&#8221;.vc_custom_1541688361008{margin-left: -0.5px !important;}&#8221;][vc_column width=&#8221;1\/4&#8243;][vc_masonry_media_grid element_width=&#8221;12&#8243; gap=&#8221;0&#8243; item=&#8221;993&#8243; grid_id=&#8221;vc_gid:1675445676752-7f77111de06429f976e42ab244effad0-1&#8243; include=&#8221;345&#8243;][\/vc_column][vc_column width=&#8221;3\/4&#8243;][vc_masonry_media_grid style=&#8221;load-more&#8221; items_per_page=&#8221;4&#8243; element_width=&#8221;3&#8243; gap=&#8221;10&#8243; item=&#8221;29&#8243; btn_title=&#8221;LOAD MORE&#8221; btn_shape=&#8221;square&#8221; btn_color=&#8221;grey&#8221; btn_align=&#8221;center&#8221; btn_i_icon_fontawesome=&#8221;fa fa-camera&#8221; btn_add_icon=&#8221;true&#8221; grid_id=&#8221;vc_gid:1675445676775-3fccb1c447d7413950d09b3654bc5dcb-3&#8243; include=&#8221;683,687,691,703&#8243;][\/vc_column][\/vc_row][vc_row gap=&#8221;25&#8243; equal_height=&#8221;yes&#8221; css=&#8221;.vc_custom_1541688605188{margin-left: -0.5px !important;background-color: #e8e8e8 !important;}&#8221;][vc_column width=&#8221;1\/4&#8243;][vc_masonry_media_grid element_width=&#8221;12&#8243; gap=&#8221;0&#8243; item=&#8221;992&#8243; grid_id=&#8221;vc_gid:1675445676814-0d3b93f1e859ea95b5ed3bc7a17387f5-2&#8243; include=&#8221;2697&#8243;][\/vc_column][vc_column width=&#8221;3\/4&#8243;][vc_masonry_media_grid style=&#8221;load-more&#8221; items_per_page=&#8221;4&#8243; element_width=&#8221;3&#8243; gap=&#8221;10&#8243; item=&#8221;29&#8243; btn_title=&#8221;LOAD MORE&#8221; btn_shape=&#8221;square&#8221; btn_color=&#8221;white&#8221; btn_align=&#8221;center&#8221; &hellip;<\/p>\n","protected":false},"author":1,"featured_media":0,"parent":0,"menu_order":0,"comment_status":"closed","ping_status":"closed","template":"","meta":{"footnotes":""},"class_list":["post-990","page","type-page","status-publish","hentry"],"yoast_head":"<!-- This site is optimized with the Yoast SEO plugin v25.6 - https:\/\/yoast.com\/wordpress\/plugins\/seo\/ -->\n<title>Les h\u00e9bergements en images | King, Queen, Familiale, Chalet<\/title>\n<meta name=\"description\" content=\"D\u00e9couvrez les h\u00e9bergements en image afin de choisir celui qui vous correspond. Des chambres doubles au chalet en bois jusqu&#039;\u00e0 6 personnes : vous avez le choix.\" \/>\n<meta name=\"robots\" content=\"index, follow, max-snippet:-1, max-image-preview:large, max-video-preview:-1\" \/>\n<link rel=\"canonical\" href=\"https:\/\/www.hotelhorizon-sutton.com\/en\/accommodations-gallery\/\" \/>\n<meta property=\"og:locale\" content=\"en_US\" \/>\n<meta property=\"og:type\" content=\"article\" \/>\n<meta property=\"og:title\" content=\"Les h\u00e9bergements en images | King, Queen, Familiale, Chalet\" \/>\n<meta property=\"og:description\" content=\"D\u00e9couvrez les h\u00e9bergements en image afin de choisir celui qui vous correspond. Des chambres doubles au chalet en bois jusqu&#039;\u00e0 6 personnes : vous avez le choix.\" \/>\n<meta property=\"og:url\" content=\"https:\/\/www.hotelhorizon-sutton.com\/en\/accommodations-gallery\/\" \/>\n<meta property=\"og:site_name\" content=\"H\u00f4tel Horizon\" \/>\n<meta property=\"article:modified_time\" content=\"2023-02-03T19:01:46+00:00\" \/>\n<meta name=\"twitter:card\" content=\"summary_large_image\" \/>\n<meta name=\"twitter:label1\" content=\"Est. reading time\" \/>\n\t<meta name=\"twitter:data1\" content=\"2 minutes\" \/>\n<script type=\"application\/ld+json\" class=\"yoast-schema-graph\">{\"@context\":\"https:\/\/schema.org\",\"@graph\":[{\"@type\":\"WebPage\",\"@id\":\"https:\/\/www.hotelhorizon-sutton.com\/en\/accommodations-gallery\/\",\"url\":\"https:\/\/www.hotelhorizon-sutton.com\/en\/accommodations-gallery\/\",\"name\":\"Les h\u00e9bergements en images | King, Queen, Familiale, Chalet\",\"isPartOf\":{\"@id\":\"https:\/\/www.hotelhorizon-sutton.com\/en\/#website\"},\"datePublished\":\"2018-11-08T14:36:22+00:00\",\"dateModified\":\"2023-02-03T19:01:46+00:00\",\"description\":\"D\u00e9couvrez les h\u00e9bergements en image afin de choisir celui qui vous correspond. Des chambres doubles au chalet en bois jusqu'\u00e0 6 personnes : vous avez le choix.\",\"breadcrumb\":{\"@id\":\"https:\/\/www.hotelhorizon-sutton.com\/en\/accommodations-gallery\/#breadcrumb\"},\"inLanguage\":\"en-US\",\"potentialAction\":[{\"@type\":\"ReadAction\",\"target\":[\"https:\/\/www.hotelhorizon-sutton.com\/en\/accommodations-gallery\/\"]}]},{\"@type\":\"BreadcrumbList\",\"@id\":\"https:\/\/www.hotelhorizon-sutton.com\/en\/accommodations-gallery\/#breadcrumb\",\"itemListElement\":[{\"@type\":\"ListItem\",\"position\":1,\"name\":\"Home\",\"item\":\"https:\/\/www.hotelhorizon-sutton.com\/en\/\"},{\"@type\":\"ListItem\",\"position\":2,\"name\":\"Accommodations gallery\"}]},{\"@type\":\"WebSite\",\"@id\":\"https:\/\/www.hotelhorizon-sutton.com\/en\/#website\",\"url\":\"https:\/\/www.hotelhorizon-sutton.com\/en\/\",\"name\":\"H\u00f4tel Horizon\",\"description\":\"\",\"potentialAction\":[{\"@type\":\"SearchAction\",\"target\":{\"@type\":\"EntryPoint\",\"urlTemplate\":\"https:\/\/www.hotelhorizon-sutton.com\/en\/?s={search_term_string}\"},\"query-input\":{\"@type\":\"PropertyValueSpecification\",\"valueRequired\":true,\"valueName\":\"search_term_string\"}}],\"inLanguage\":\"en-US\"}]}<\/script>\n<!-- \/ Yoast SEO plugin. -->","yoast_head_json":{"title":"Les h\u00e9bergements en images | King, Queen, Familiale, Chalet","description":"D\u00e9couvrez les h\u00e9bergements en image afin de choisir celui qui vous correspond. Des chambres doubles au chalet en bois jusqu'\u00e0 6 personnes : vous avez le choix.","robots":{"index":"index","follow":"follow","max-snippet":"max-snippet:-1","max-image-preview":"max-image-preview:large","max-video-preview":"max-video-preview:-1"},"canonical":"https:\/\/www.hotelhorizon-sutton.com\/en\/accommodations-gallery\/","og_locale":"en_US","og_type":"article","og_title":"Les h\u00e9bergements en images | King, Queen, Familiale, Chalet","og_description":"D\u00e9couvrez les h\u00e9bergements en image afin de choisir celui qui vous correspond. Des chambres doubles au chalet en bois jusqu'\u00e0 6 personnes : vous avez le choix.","og_url":"https:\/\/www.hotelhorizon-sutton.com\/en\/accommodations-gallery\/","og_site_name":"H\u00f4tel Horizon","article_modified_time":"2023-02-03T19:01:46+00:00","twitter_card":"summary_large_image","twitter_misc":{"Est. reading time":"2 minutes"},"schema":{"@context":"https:\/\/schema.org","@graph":[{"@type":"WebPage","@id":"https:\/\/www.hotelhorizon-sutton.com\/en\/accommodations-gallery\/","url":"https:\/\/www.hotelhorizon-sutton.com\/en\/accommodations-gallery\/","name":"Les h\u00e9bergements en images | King, Queen, Familiale, Chalet","isPartOf":{"@id":"https:\/\/www.hotelhorizon-sutton.com\/en\/#website"},"datePublished":"2018-11-08T14:36:22+00:00","dateModified":"2023-02-03T19:01:46+00:00","description":"D\u00e9couvrez les h\u00e9bergements en image afin de choisir celui qui vous correspond. Des chambres doubles au chalet en bois jusqu'\u00e0 6 personnes : vous avez le choix.","breadcrumb":{"@id":"https:\/\/www.hotelhorizon-sutton.com\/en\/accommodations-gallery\/#breadcrumb"},"inLanguage":"en-US","potentialAction":[{"@type":"ReadAction","target":["https:\/\/www.hotelhorizon-sutton.com\/en\/accommodations-gallery\/"]}]},{"@type":"BreadcrumbList","@id":"https:\/\/www.hotelhorizon-sutton.com\/en\/accommodations-gallery\/#breadcrumb","itemListElement":[{"@type":"ListItem","position":1,"name":"Home","item":"https:\/\/www.hotelhorizon-sutton.com\/en\/"},{"@type":"ListItem","position":2,"name":"Accommodations gallery"}]},{"@type":"WebSite","@id":"https:\/\/www.hotelhorizon-sutton.com\/en\/#website","url":"https:\/\/www.hotelhorizon-sutton.com\/en\/","name":"H\u00f4tel Horizon","description":"","potentialAction":[{"@type":"SearchAction","target":{"@type":"EntryPoint","urlTemplate":"https:\/\/www.hotelhorizon-sutton.com\/en\/?s={search_term_string}"},"query-input":{"@type":"PropertyValueSpecification","valueRequired":true,"valueName":"search_term_string"}}],"inLanguage":"en-US"}]}},"_links":{"self":[{"href":"https:\/\/www.hotelhorizon-sutton.com\/en\/wp-json\/wp\/v2\/pages\/990","targetHints":{"allow":["GET"]}}],"collection":[{"href":"https:\/\/www.hotelhorizon-sutton.com\/en\/wp-json\/wp\/v2\/pages"}],"about":[{"href":"https:\/\/www.hotelhorizon-sutton.com\/en\/wp-json\/wp\/v2\/types\/page"}],"author":[{"embeddable":true,"href":"https:\/\/www.hotelhorizon-sutton.com\/en\/wp-json\/wp\/v2\/users\/1"}],"replies":[{"embeddable":true,"href":"https:\/\/www.hotelhorizon-sutton.com\/en\/wp-json\/wp\/v2\/comments?post=990"}],"version-history":[{"count":4,"href":"https:\/\/www.hotelhorizon-sutton.com\/en\/wp-json\/wp\/v2\/pages\/990\/revisions"}],"predecessor-version":[{"id":2743,"href":"https:\/\/www.hotelhorizon-sutton.com\/en\/wp-json\/wp\/v2\/pages\/990\/revisions\/2743"}],"wp:attachment":[{"href":"https:\/\/www.hotelhorizon-sutton.com\/en\/wp-json\/wp\/v2\/media?parent=990"}],"curies":[{"name":"wp","href":"https:\/\/api.w.org\/{rel}","templated":true}]}}